{"id":273,"date":"2023-08-08T08:00:51","date_gmt":"2023-08-08T06:00:51","guid":{"rendered":"http:\/\/themexriver.net\/industrial-wp\/?page_id=273"},"modified":"2023-08-08T09:55:25","modified_gmt":"2023-08-08T07:55:25","slug":"contact","status":"publish","type":"page","link":"https:\/\/swissholdings.ch\/fr\/contact\/","title":{"rendered":"Contact"},"content":{"rendered":"\t\t<div data-elementor-type=\"wp-post\" data-elementor-id=\"273\" class=\"elementor elementor-273\" data-elementor-post-type=\"page\">\n\t\t\t\t\t\t<section class=\"elementor-section elementor-top-section elementor-element elementor-element-622c30ba elementor-section-boxed elementor-section-height-default elementor-section-height-default\" data-id=\"622c30ba\" data-element_type=\"section\">\n\t\t\t\t\t\t<div class=\"elementor-container elementor-column-gap-default\">\n\t\t\t\t\t<div class=\"elementor-column elementor-col-50 elementor-top-column elementor-element elementor-element-67a58420\" data-id=\"67a58420\" data-element_type=\"column\">\n\t\t\t<div class=\"elementor-widget-wrap elementor-element-populated\">\n\t\t\t\t\t\t<div class=\"elementor-element elementor-element-50d7b6ab elementor-view-default elementor-position-top elementor-mobile-position-top elementor-widget elementor-widget-icon-box\" data-id=\"50d7b6ab\" data-element_type=\"widget\" data-widget_type=\"icon-box.default\">\n\t\t\t\t<div class=\"elementor-widget-container\">\n\t\t\t\t\t\t\t<div class=\"elementor-icon-box-wrapper\">\n\n\t\t\t\t\t\t<div class=\"elementor-icon-box-icon\">\n\t\t\t\t<span  class=\"elementor-icon\">\n\t\t\t\t<i aria-hidden=\"true\" class=\"fas fa-home\"><\/i>\t\t\t\t<\/span>\n\t\t\t<\/div>\n\t\t\t\n\t\t\t\t\t\t<div class=\"elementor-icon-box-content\">\n\n\t\t\t\t\t\t\t\t\t<h3 class=\"elementor-icon-box-title\">\n\t\t\t\t\t\t<span  >\n\t\t\t\t\t\t\tLocalit\u00e9\t\t\t\t\t\t<\/span>\n\t\t\t\t\t<\/h3>\n\t\t\t\t\n\t\t\t\t\t\t\t\t\t<p class=\"elementor-icon-box-description\">\n\t\t\t\t\t\tLes bureaux de SwissHoldings se trouvent au centre de Berne:\n\t\t\t\t\t<\/p>\n\t\t\t\t\n\t\t\t<\/div>\n\t\t\t\n\t\t<\/div>\n\t\t\t\t\t\t<\/div>\n\t\t\t\t<\/div>\n\t\t\t\t<div class=\"elementor-element elementor-element-5e979e4e elementor-widget elementor-widget-heading\" data-id=\"5e979e4e\" data-element_type=\"widget\" data-widget_type=\"heading.default\">\n\t\t\t\t<div class=\"elementor-widget-container\">\n\t\t\t\t\t<p class=\"elementor-heading-title elementor-size-large\">N\u00e4geligasse 13, <br>CH-3001 Berne<\/p>\t\t\t\t<\/div>\n\t\t\t\t<\/div>\n\t\t\t\t<div class=\"elementor-element elementor-element-b2dff7d elementor-widget elementor-widget-heading\" data-id=\"b2dff7d\" data-element_type=\"widget\" data-widget_type=\"heading.default\">\n\t\t\t\t<div class=\"elementor-widget-container\">\n\t\t\t\t\t<p class=\"elementor-heading-title elementor-size-large\"><a href=\"https:\/\/g.page\/swissholdings\" target=\"_blank\"><i class=\"fa fa-map\"><\/i> Google Maps<\/a><\/p>\t\t\t\t<\/div>\n\t\t\t\t<\/div>\n\t\t\t\t\t<\/div>\n\t\t<\/div>\n\t\t\t\t<div class=\"elementor-column elementor-col-50 elementor-top-column elementor-element elementor-element-4020d9be\" data-id=\"4020d9be\" data-element_type=\"column\">\n\t\t\t<div class=\"elementor-widget-wrap elementor-element-populated\">\n\t\t\t\t\t\t<div class=\"elementor-element elementor-element-f277c91 elementor-view-default elementor-position-top elementor-mobile-position-top elementor-widget elementor-widget-icon-box\" data-id=\"f277c91\" data-element_type=\"widget\" data-widget_type=\"icon-box.default\">\n\t\t\t\t<div class=\"elementor-widget-container\">\n\t\t\t\t\t\t\t<div class=\"elementor-icon-box-wrapper\">\n\n\t\t\t\t\t\t<div class=\"elementor-icon-box-icon\">\n\t\t\t\t<span  class=\"elementor-icon\">\n\t\t\t\t<i aria-hidden=\"true\" class=\"fas fa-phone\"><\/i>\t\t\t\t<\/span>\n\t\t\t<\/div>\n\t\t\t\n\t\t\t\t\t\t<div class=\"elementor-icon-box-content\">\n\n\t\t\t\t\t\t\t\t\t<h3 class=\"elementor-icon-box-title\">\n\t\t\t\t\t\t<span  >\n\t\t\t\t\t\t\tContact\t\t\t\t\t\t<\/span>\n\t\t\t\t\t<\/h3>\n\t\t\t\t\n\t\t\t\t\t\t\t\t\t<p class=\"elementor-icon-box-description\">\n\t\t\t\t\t\tVous pouvez nous contacter par t\u00e9l\u00e9phone o\u00f9 mail:\t\t\t\t\t<\/p>\n\t\t\t\t\n\t\t\t<\/div>\n\t\t\t\n\t\t<\/div>\n\t\t\t\t\t\t<\/div>\n\t\t\t\t<\/div>\n\t\t\t\t<div class=\"elementor-element elementor-element-49014af2 elementor-widget elementor-widget-heading\" data-id=\"49014af2\" data-element_type=\"widget\" data-widget_type=\"heading.default\">\n\t\t\t\t<div class=\"elementor-widget-container\">\n\t\t\t\t\t<p class=\"elementor-heading-title elementor-size-large\">+41 31 356 68 68<br><br>info@swissholdings.ch<\/p>\t\t\t\t<\/div>\n\t\t\t\t<\/div>\n\t\t\t\t<div class=\"elementor-element elementor-element-6ff56f8 elementor-widget elementor-widget-heading\" data-id=\"6ff56f8\" data-element_type=\"widget\" data-widget_type=\"heading.default\">\n\t\t\t\t<div class=\"elementor-widget-container\">\n\t\t\t\t\t<p class=\"elementor-heading-title elementor-size-large\"><span>Media:<\/span><br><br><span>+41 31 356 68 60<\/span><br><a href=\"mailto:julia.besnier@swissholdings.ch\" style=\"font-size: 17px\">julia.besnier@swissholdings.ch<\/a><\/p>\t\t\t\t<\/div>\n\t\t\t\t<\/div>\n\t\t\t\t\t<\/div>\n\t\t<\/div>\n\t\t\t\t\t<\/div>\n\t\t<\/section>\n\t\t\t\t<section class=\"elementor-section elementor-top-section elementor-element elementor-element-5f086fda elementor-section-full_width elementor-section-height-default elementor-section-height-default\" data-id=\"5f086fda\" data-element_type=\"section\">\n\t\t\t\t\t\t<div class=\"elementor-container elementor-column-gap-no\">\n\t\t\t\t\t<div class=\"elementor-column elementor-col-100 elementor-top-column elementor-element elementor-element-33b344cb\" data-id=\"33b344cb\" data-element_type=\"column\">\n\t\t\t<div class=\"elementor-widget-wrap elementor-element-populated\">\n\t\t\t\t\t\t<div class=\"elementor-element elementor-element-4d2d48b5 elementor-widget elementor-widget-google_maps\" data-id=\"4d2d48b5\" data-element_type=\"widget\" data-widget_type=\"google_maps.default\">\n\t\t\t\t<div class=\"elementor-widget-container\">\n\t\t\t\t\t\t\t<div class=\"elementor-custom-embed\">\n\t\t\t<iframe loading=\"lazy\"\n\t\t\t\t\tsrc=\"https:\/\/maps.google.com\/maps?q=SwissHoldings%2C%20N%C3%A4geligasse%2013%2C%20Bern&#038;t=m&#038;z=15&#038;output=embed&#038;iwloc=near\"\n\t\t\t\t\ttitle=\"SwissHoldings, N\u00e4geligasse 13, Bern\"\n\t\t\t\t\taria-label=\"SwissHoldings, N\u00e4geligasse 13, Bern\"\n\t\t\t><\/iframe>\n\t\t<\/div>\n\t\t\t\t\t\t<\/div>\n\t\t\t\t<\/div>\n\t\t\t\t\t<\/div>\n\t\t<\/div>\n\t\t\t\t\t<\/div>\n\t\t<\/section>\n\t\t\t\t<\/div>\n\t\t","protected":false},"excerpt":{"rendered":"<p>Localit\u00e9 Les bureaux de SwissHoldings se trouvent au centre de Berne: N\u00e4geligasse 13, CH-3001 Berne Google Maps Contact Vous pouvez nous contacter par t\u00e9l\u00e9phone o\u00f9 mail: +41 31 356 68 68 info@swissholdings.ch Media: +41 31 356 68 60 julia.besnier@swissholdings.ch<\/p>\n","protected":false},"author":1,"featured_media":100003862,"parent":0,"menu_order":0,"comment_status":"closed","ping_status":"closed","template":"","meta":{"footnotes":""},"class_list":["post-273","page","type-page","status-publish","has-post-thumbnail","hentry"],"yoast_head":"<!-- This site is optimized with the Yoast SEO plugin v26.5 - https:\/\/yoast.com\/wordpress\/plugins\/seo\/ -->\n<title>Contact - Swissholdings FR<\/title>\n<meta name=\"robots\" content=\"index, follow, max-snippet:-1, max-image-preview:large, max-video-preview:-1\" \/>\n<link rel=\"canonical\" href=\"https:\/\/swissholdings.ch\/fr\/contact\/\" \/>\n<meta property=\"og:locale\" content=\"fr_FR\" \/>\n<meta property=\"og:type\" content=\"article\" \/>\n<meta property=\"og:title\" content=\"Contact - Swissholdings FR\" \/>\n<meta property=\"og:description\" content=\"Localit\u00e9 Les bureaux de SwissHoldings se trouvent au centre de Berne: N\u00e4geligasse 13, CH-3001 Berne Google Maps Contact Vous pouvez nous contacter par t\u00e9l\u00e9phone o\u00f9 mail: +41 31 356 68 68 info@swissholdings.ch Media: +41 31 356 68 60 julia.besnier@swissholdings.ch\" \/>\n<meta property=\"og:url\" content=\"https:\/\/swissholdings.ch\/fr\/contact\/\" \/>\n<meta property=\"og:site_name\" content=\"Swissholdings FR\" \/>\n<meta property=\"article:modified_time\" content=\"2023-08-08T07:55:25+00:00\" \/>\n<meta property=\"og:image\" content=\"https:\/\/swissholdings.ch\/fr\/wp-content\/uploads\/sites\/3\/2023\/08\/kontakt.jpg\" \/>\n\t<meta property=\"og:image:width\" content=\"1500\" \/>\n\t<meta property=\"og:image:height\" content=\"400\" \/>\n\t<meta property=\"og:image:type\" content=\"image\/jpeg\" \/>\n<meta name=\"twitter:card\" content=\"summary_large_image\" \/>\n<script type=\"application\/ld+json\" class=\"yoast-schema-graph\">{\"@context\":\"https:\/\/schema.org\",\"@graph\":[{\"@type\":\"WebPage\",\"@id\":\"https:\/\/swissholdings.ch\/fr\/contact\/\",\"url\":\"https:\/\/swissholdings.ch\/fr\/contact\/\",\"name\":\"Contact - Swissholdings FR\",\"isPartOf\":{\"@id\":\"https:\/\/swissholdings.ch\/fr\/#website\"},\"primaryImageOfPage\":{\"@id\":\"https:\/\/swissholdings.ch\/fr\/contact\/#primaryimage\"},\"image\":{\"@id\":\"https:\/\/swissholdings.ch\/fr\/contact\/#primaryimage\"},\"thumbnailUrl\":\"https:\/\/swissholdings.ch\/fr\/wp-content\/uploads\/sites\/3\/2023\/08\/kontakt.jpg\",\"datePublished\":\"2023-08-08T06:00:51+00:00\",\"dateModified\":\"2023-08-08T07:55:25+00:00\",\"breadcrumb\":{\"@id\":\"https:\/\/swissholdings.ch\/fr\/contact\/#breadcrumb\"},\"inLanguage\":\"fr-FR\",\"potentialAction\":[{\"@type\":\"ReadAction\",\"target\":[\"https:\/\/swissholdings.ch\/fr\/contact\/\"]}]},{\"@type\":\"ImageObject\",\"inLanguage\":\"fr-FR\",\"@id\":\"https:\/\/swissholdings.ch\/fr\/contact\/#primaryimage\",\"url\":\"https:\/\/swissholdings.ch\/fr\/wp-content\/uploads\/sites\/3\/2023\/08\/kontakt.jpg\",\"contentUrl\":\"https:\/\/swissholdings.ch\/fr\/wp-content\/uploads\/sites\/3\/2023\/08\/kontakt.jpg\",\"width\":1500,\"height\":400},{\"@type\":\"BreadcrumbList\",\"@id\":\"https:\/\/swissholdings.ch\/fr\/contact\/#breadcrumb\",\"itemListElement\":[{\"@type\":\"ListItem\",\"position\":1,\"name\":\"Accueil\",\"item\":\"https:\/\/swissholdings.ch\/fr\/\"},{\"@type\":\"ListItem\",\"position\":2,\"name\":\"Contact\"}]},{\"@type\":\"WebSite\",\"@id\":\"https:\/\/swissholdings.ch\/fr\/#website\",\"url\":\"https:\/\/swissholdings.ch\/fr\/\",\"name\":\"Swissholdings FR\",\"description\":\"Swissholdings\",\"potentialAction\":[{\"@type\":\"SearchAction\",\"target\":{\"@type\":\"EntryPoint\",\"urlTemplate\":\"https:\/\/swissholdings.ch\/fr\/?s={search_term_string}\"},\"query-input\":{\"@type\":\"PropertyValueSpecification\",\"valueRequired\":true,\"valueName\":\"search_term_string\"}}],\"inLanguage\":\"fr-FR\"}]}<\/script>\n<!-- \/ Yoast SEO plugin. -->","yoast_head_json":{"title":"Contact - Swissholdings FR","robots":{"index":"index","follow":"follow","max-snippet":"max-snippet:-1","max-image-preview":"max-image-preview:large","max-video-preview":"max-video-preview:-1"},"canonical":"https:\/\/swissholdings.ch\/fr\/contact\/","og_locale":"fr_FR","og_type":"article","og_title":"Contact - Swissholdings FR","og_description":"Localit\u00e9 Les bureaux de SwissHoldings se trouvent au centre de Berne: N\u00e4geligasse 13, CH-3001 Berne Google Maps Contact Vous pouvez nous contacter par t\u00e9l\u00e9phone o\u00f9 mail: +41 31 356 68 68 info@swissholdings.ch Media: +41 31 356 68 60 julia.besnier@swissholdings.ch","og_url":"https:\/\/swissholdings.ch\/fr\/contact\/","og_site_name":"Swissholdings FR","article_modified_time":"2023-08-08T07:55:25+00:00","og_image":[{"width":1500,"height":400,"url":"https:\/\/swissholdings.ch\/fr\/wp-content\/uploads\/sites\/3\/2023\/08\/kontakt.jpg","type":"image\/jpeg"}],"twitter_card":"summary_large_image","schema":{"@context":"https:\/\/schema.org","@graph":[{"@type":"WebPage","@id":"https:\/\/swissholdings.ch\/fr\/contact\/","url":"https:\/\/swissholdings.ch\/fr\/contact\/","name":"Contact - Swissholdings FR","isPartOf":{"@id":"https:\/\/swissholdings.ch\/fr\/#website"},"primaryImageOfPage":{"@id":"https:\/\/swissholdings.ch\/fr\/contact\/#primaryimage"},"image":{"@id":"https:\/\/swissholdings.ch\/fr\/contact\/#primaryimage"},"thumbnailUrl":"https:\/\/swissholdings.ch\/fr\/wp-content\/uploads\/sites\/3\/2023\/08\/kontakt.jpg","datePublished":"2023-08-08T06:00:51+00:00","dateModified":"2023-08-08T07:55:25+00:00","breadcrumb":{"@id":"https:\/\/swissholdings.ch\/fr\/contact\/#breadcrumb"},"inLanguage":"fr-FR","potentialAction":[{"@type":"ReadAction","target":["https:\/\/swissholdings.ch\/fr\/contact\/"]}]},{"@type":"ImageObject","inLanguage":"fr-FR","@id":"https:\/\/swissholdings.ch\/fr\/contact\/#primaryimage","url":"https:\/\/swissholdings.ch\/fr\/wp-content\/uploads\/sites\/3\/2023\/08\/kontakt.jpg","contentUrl":"https:\/\/swissholdings.ch\/fr\/wp-content\/uploads\/sites\/3\/2023\/08\/kontakt.jpg","width":1500,"height":400},{"@type":"BreadcrumbList","@id":"https:\/\/swissholdings.ch\/fr\/contact\/#breadcrumb","itemListElement":[{"@type":"ListItem","position":1,"name":"Accueil","item":"https:\/\/swissholdings.ch\/fr\/"},{"@type":"ListItem","position":2,"name":"Contact"}]},{"@type":"WebSite","@id":"https:\/\/swissholdings.ch\/fr\/#website","url":"https:\/\/swissholdings.ch\/fr\/","name":"Swissholdings FR","description":"Swissholdings","potentialAction":[{"@type":"SearchAction","target":{"@type":"EntryPoint","urlTemplate":"https:\/\/swissholdings.ch\/fr\/?s={search_term_string}"},"query-input":{"@type":"PropertyValueSpecification","valueRequired":true,"valueName":"search_term_string"}}],"inLanguage":"fr-FR"}]}},"_links":{"self":[{"href":"https:\/\/swissholdings.ch\/fr\/wp-json\/wp\/v2\/pages\/273","targetHints":{"allow":["GET"]}}],"collection":[{"href":"https:\/\/swissholdings.ch\/fr\/wp-json\/wp\/v2\/pages"}],"about":[{"href":"https:\/\/swissholdings.ch\/fr\/wp-json\/wp\/v2\/types\/page"}],"author":[{"embeddable":true,"href":"https:\/\/swissholdings.ch\/fr\/wp-json\/wp\/v2\/users\/1"}],"replies":[{"embeddable":true,"href":"https:\/\/swissholdings.ch\/fr\/wp-json\/wp\/v2\/comments?post=273"}],"version-history":[{"count":15,"href":"https:\/\/swissholdings.ch\/fr\/wp-json\/wp\/v2\/pages\/273\/revisions"}],"predecessor-version":[{"id":100003863,"href":"https:\/\/swissholdings.ch\/fr\/wp-json\/wp\/v2\/pages\/273\/revisions\/100003863"}],"wp:featuredmedia":[{"embeddable":true,"href":"https:\/\/swissholdings.ch\/fr\/wp-json\/wp\/v2\/media\/100003862"}],"wp:attachment":[{"href":"https:\/\/swissholdings.ch\/fr\/wp-json\/wp\/v2\/media?parent=273"}],"curies":[{"name":"wp","href":"https:\/\/api.w.org\/{rel}","templated":true}]}}