{"id":100003346,"date":"2021-02-05T12:28:24","date_gmt":"2021-02-05T11:28:24","guid":{"rendered":"https:\/\/swissholdings.ch\/fr\/?page_id=100003346"},"modified":"2024-06-26T14:15:41","modified_gmt":"2024-06-26T12:15:41","slug":"swissholdings-%e2%88%92-a-propos","status":"publish","type":"page","link":"https:\/\/swissholdings.ch\/fr\/swissholdings-%e2%88%92-a-propos\/","title":{"rendered":"SwissHoldings \u2212 A propos"},"content":{"rendered":"<p><strong>Notre f\u00e9d\u00e9ration<br \/>\n<\/strong>Fond\u00e9e en 1942 en tant qu\u2019Industrie-Holding, SwissHoldings est une association professionnelle intersectorielle organis\u00e9e sous la forme juridique d\u2019une f\u00e9d\u00e9ration. A l\u2019heure actuelle, elle rassemble <a href=\"https:\/\/swissholdings.ch\/fr\/societes-membres\/\" target=\"_blank\" rel=\"noopener noreferrer\">65 entreprises multinationales<\/a> des secteurs industriel et tertiaire (\u00e0 l\u2019exception des secteurs des finances et des assurances) dont le si\u00e8ge est situ\u00e9 en Suisse.<\/p>\n<p><strong>Nos membres<br \/>\n<\/strong>Nos entreprises membres se caract\u00e9risent par leur fort engagement \u00e0 l\u2019\u00e9tranger sous forme d\u2019investissements directs (filiales et succursales), et leur importance consid\u00e9rable au sein du p\u00f4le \u00e9conomique suisse. Fin 2022, la valeur comptable de leurs capitaux \u00e9trangers repr\u00e9sentait environ 460 milliards de francs, soit 35% de l\u2019ensemble des investissements directs suisses \u00e0 l\u2019\u00e9tranger. A l\u2019\u00e9chelle mondiale, elles emploient environ 1,8 million de personnes, dont pr\u00e8s de 200&#8217;000 en Suisse. De plus, nos entreprises membres sont de grands \u00e9metteurs sur le march\u00e9 des capitaux, et repr\u00e9sentent environ 62% de la capitalisation boursi\u00e8re totale de la Suisse (en 2023). Enfin, elles comptent parmi les principaux fournisseurs de biens, de services et de technologies en Suisse et \u00e0 l\u2019\u00e9tranger (voir aussi <a href=\"https:\/\/swissholdings.ch\/zahlen-und-fakten-zu-swissholdings-mitgliedunternehmen-2024\/\" target=\"_blank\" rel=\"noopener noreferrer\">SwissHoldings Chiffres &amp; Faits 2024<\/a>)<\/p>\n<p><strong>Nos domaines d\u2019activit\u00e9<br \/>\n<\/strong>SwissHoldings s\u2019engage pour des conditions cadres optimales et un environnement lib\u00e9ral pour les grands groupes multinationaux dont le si\u00e8ge se situe en Suisse.<\/p>\n<p>Notre f\u00e9d\u00e9ration est principalement active dans les <a href=\"https:\/\/swissholdings.ch\/themen\/\">trois\u00a0domaines<\/a> suivants:<\/p>\n<ul>\n<li>Droit<\/li>\n<li>Fiscalit\u00e9<\/li>\n<li>Economie<\/li>\n<\/ul>\n<p>Chacun de ces domaines englobe diff\u00e9rentes sous-cat\u00e9gories, qui d\u00e9coulent directement des int\u00e9r\u00eats communs des entreprises membres.<\/p>\n<p>Le <a href=\"https:\/\/swissholdings.ch\/geschaeftsstelle\/\">Secr\u00e9tariat<\/a> examine ces diff\u00e9rentes sous-cat\u00e9gories dans le cadre de groupes sp\u00e9cialis\u00e9s et en \u00e9troite consultation avec les entreprises membres:<\/p>\n<ul>\n<li>Droit fiscal suisse<\/li>\n<li>Droit fiscal international<\/li>\n<li>Droit des soci\u00e9t\u00e9s<\/li>\n<li>Droit des march\u00e9s de capitaux<\/li>\n<li>March\u00e9s de capitaux<\/li>\n<li>Droit et politique de la concurrence<\/li>\n<li>Conformit\u00e9<\/li>\n<li>Politique commerciale et d\u2019investissement<\/li>\n<li>Responsabilit\u00e9 sociale des entreprises<\/li>\n<li>Pr\u00e9sentation des comptes et des rapports financiers<\/li>\n<li>Communication et affaires publiques<\/li>\n<\/ul>\n<p><strong>Notre mode de travail<br \/>\n<\/strong>Les activit\u00e9s de SwissHoldings sont sp\u00e9cialis\u00e9es, cibl\u00e9es et ax\u00e9es sur les int\u00e9r\u00eats de nos membres. Elles incluent la protection des int\u00e9r\u00eats intersectoriels des entreprises membres en Suisse et \u00e0 l\u2019\u00e9tranger dans les trois\u00a0domaines susmentionn\u00e9s, l\u2019am\u00e9lioration du niveau d\u2019information sur les \u00e9volutions majeures, et l\u2019approfondissement de la coop\u00e9ration et du partage d\u2019exp\u00e9riences entre entreprises membres.<\/p>\n<p>En outre, SwissHoldings entretient une \u00e9troite collaboration avec d\u2019autres associations nationales et internationales, et organise des groupes de contact mixtes compos\u00e9s de repr\u00e9sentants des autorit\u00e9s et de tiers.<\/p>\n","protected":false},"excerpt":{"rendered":"<p>Notre f\u00e9d\u00e9ration Fond\u00e9e en 1942 en tant qu\u2019Industrie-Holding, SwissHoldings est une association professionnelle intersectorielle organis\u00e9e sous la forme juridique d\u2019une f\u00e9d\u00e9ration. A l\u2019heure actuelle, elle rassemble 65 entreprises multinationales des secteurs industriel et tertiaire (\u00e0 l\u2019exception des secteurs des finances et des assurances) dont le si\u00e8ge est situ\u00e9 en Suisse. Nos membres Nos entreprises membres &hellip;<\/p>\n","protected":false},"author":4,"featured_media":100003347,"parent":0,"menu_order":0,"comment_status":"closed","ping_status":"closed","template":"","meta":{"footnotes":""},"class_list":["post-100003346","page","type-page","status-publish","has-post-thumbnail","hentry"],"yoast_head":"<!-- This site is optimized with the Yoast SEO plugin v26.5 - https:\/\/yoast.com\/wordpress\/plugins\/seo\/ -->\n<title>SwissHoldings \u2212 A propos - Swissholdings FR<\/title>\n<meta name=\"description\" content=\"Fond\u00e9e en 1942 en tant qu\u2019Industrie-Holding, SwissHoldings est une association professionnelle intersectorielle.\" \/>\n<meta name=\"robots\" content=\"index, follow, max-snippet:-1, max-image-preview:large, max-video-preview:-1\" \/>\n<link rel=\"canonical\" href=\"https:\/\/swissholdings.ch\/fr\/swissholdings-\u2212-a-propos\/\" \/>\n<meta property=\"og:locale\" content=\"fr_FR\" \/>\n<meta property=\"og:type\" content=\"article\" \/>\n<meta property=\"og:title\" content=\"SwissHoldings \u2212 A propos - Swissholdings FR\" \/>\n<meta property=\"og:description\" content=\"Fond\u00e9e en 1942 en tant qu\u2019Industrie-Holding, SwissHoldings est une association professionnelle intersectorielle.\" \/>\n<meta property=\"og:url\" content=\"https:\/\/swissholdings.ch\/fr\/swissholdings-\u2212-a-propos\/\" \/>\n<meta property=\"og:site_name\" content=\"Swissholdings FR\" \/>\n<meta property=\"article:modified_time\" content=\"2024-06-26T12:15:41+00:00\" \/>\n<meta property=\"og:image\" content=\"https:\/\/swissholdings.ch\/fr\/wp-content\/uploads\/sites\/3\/2021\/02\/Bild-Eingangsbereich.jpg\" \/>\n\t<meta property=\"og:image:width\" content=\"1137\" \/>\n\t<meta property=\"og:image:height\" content=\"790\" \/>\n\t<meta property=\"og:image:type\" content=\"image\/jpeg\" \/>\n<meta name=\"twitter:card\" content=\"summary_large_image\" \/>\n<meta name=\"twitter:label1\" content=\"Dur\u00e9e de lecture estim\u00e9e\" \/>\n\t<meta name=\"twitter:data1\" content=\"2 minutes\" \/>\n<script type=\"application\/ld+json\" class=\"yoast-schema-graph\">{\"@context\":\"https:\/\/schema.org\",\"@graph\":[{\"@type\":\"WebPage\",\"@id\":\"https:\/\/swissholdings.ch\/fr\/swissholdings-%e2%88%92-a-propos\/\",\"url\":\"https:\/\/swissholdings.ch\/fr\/swissholdings-%e2%88%92-a-propos\/\",\"name\":\"SwissHoldings \u2212 A propos - Swissholdings FR\",\"isPartOf\":{\"@id\":\"https:\/\/swissholdings.ch\/fr\/#website\"},\"primaryImageOfPage\":{\"@id\":\"https:\/\/swissholdings.ch\/fr\/swissholdings-%e2%88%92-a-propos\/#primaryimage\"},\"image\":{\"@id\":\"https:\/\/swissholdings.ch\/fr\/swissholdings-%e2%88%92-a-propos\/#primaryimage\"},\"thumbnailUrl\":\"https:\/\/swissholdings.ch\/fr\/wp-content\/uploads\/sites\/3\/2021\/02\/Bild-Eingangsbereich.jpg\",\"datePublished\":\"2021-02-05T11:28:24+00:00\",\"dateModified\":\"2024-06-26T12:15:41+00:00\",\"description\":\"Fond\u00e9e en 1942 en tant qu\u2019Industrie-Holding, SwissHoldings est une association professionnelle intersectorielle.\",\"breadcrumb\":{\"@id\":\"https:\/\/swissholdings.ch\/fr\/swissholdings-%e2%88%92-a-propos\/#breadcrumb\"},\"inLanguage\":\"fr-FR\",\"potentialAction\":[{\"@type\":\"ReadAction\",\"target\":[\"https:\/\/swissholdings.ch\/fr\/swissholdings-%e2%88%92-a-propos\/\"]}]},{\"@type\":\"ImageObject\",\"inLanguage\":\"fr-FR\",\"@id\":\"https:\/\/swissholdings.ch\/fr\/swissholdings-%e2%88%92-a-propos\/#primaryimage\",\"url\":\"https:\/\/swissholdings.ch\/fr\/wp-content\/uploads\/sites\/3\/2021\/02\/Bild-Eingangsbereich.jpg\",\"contentUrl\":\"https:\/\/swissholdings.ch\/fr\/wp-content\/uploads\/sites\/3\/2021\/02\/Bild-Eingangsbereich.jpg\",\"width\":1137,\"height\":790},{\"@type\":\"BreadcrumbList\",\"@id\":\"https:\/\/swissholdings.ch\/fr\/swissholdings-%e2%88%92-a-propos\/#breadcrumb\",\"itemListElement\":[{\"@type\":\"ListItem\",\"position\":1,\"name\":\"Accueil\",\"item\":\"https:\/\/swissholdings.ch\/fr\/\"},{\"@type\":\"ListItem\",\"position\":2,\"name\":\"SwissHoldings \u2212 A propos\"}]},{\"@type\":\"WebSite\",\"@id\":\"https:\/\/swissholdings.ch\/fr\/#website\",\"url\":\"https:\/\/swissholdings.ch\/fr\/\",\"name\":\"Swissholdings FR\",\"description\":\"Swissholdings\",\"potentialAction\":[{\"@type\":\"SearchAction\",\"target\":{\"@type\":\"EntryPoint\",\"urlTemplate\":\"https:\/\/swissholdings.ch\/fr\/?s={search_term_string}\"},\"query-input\":{\"@type\":\"PropertyValueSpecification\",\"valueRequired\":true,\"valueName\":\"search_term_string\"}}],\"inLanguage\":\"fr-FR\"}]}<\/script>\n<!-- \/ Yoast SEO plugin. -->","yoast_head_json":{"title":"SwissHoldings \u2212 A propos - Swissholdings FR","description":"Fond\u00e9e en 1942 en tant qu\u2019Industrie-Holding, SwissHoldings est une association professionnelle intersectorielle.","robots":{"index":"index","follow":"follow","max-snippet":"max-snippet:-1","max-image-preview":"max-image-preview:large","max-video-preview":"max-video-preview:-1"},"canonical":"https:\/\/swissholdings.ch\/fr\/swissholdings-\u2212-a-propos\/","og_locale":"fr_FR","og_type":"article","og_title":"SwissHoldings \u2212 A propos - Swissholdings FR","og_description":"Fond\u00e9e en 1942 en tant qu\u2019Industrie-Holding, SwissHoldings est une association professionnelle intersectorielle.","og_url":"https:\/\/swissholdings.ch\/fr\/swissholdings-\u2212-a-propos\/","og_site_name":"Swissholdings FR","article_modified_time":"2024-06-26T12:15:41+00:00","og_image":[{"width":1137,"height":790,"url":"https:\/\/swissholdings.ch\/fr\/wp-content\/uploads\/sites\/3\/2021\/02\/Bild-Eingangsbereich.jpg","type":"image\/jpeg"}],"twitter_card":"summary_large_image","twitter_misc":{"Dur\u00e9e de lecture estim\u00e9e":"2 minutes"},"schema":{"@context":"https:\/\/schema.org","@graph":[{"@type":"WebPage","@id":"https:\/\/swissholdings.ch\/fr\/swissholdings-%e2%88%92-a-propos\/","url":"https:\/\/swissholdings.ch\/fr\/swissholdings-%e2%88%92-a-propos\/","name":"SwissHoldings \u2212 A propos - Swissholdings FR","isPartOf":{"@id":"https:\/\/swissholdings.ch\/fr\/#website"},"primaryImageOfPage":{"@id":"https:\/\/swissholdings.ch\/fr\/swissholdings-%e2%88%92-a-propos\/#primaryimage"},"image":{"@id":"https:\/\/swissholdings.ch\/fr\/swissholdings-%e2%88%92-a-propos\/#primaryimage"},"thumbnailUrl":"https:\/\/swissholdings.ch\/fr\/wp-content\/uploads\/sites\/3\/2021\/02\/Bild-Eingangsbereich.jpg","datePublished":"2021-02-05T11:28:24+00:00","dateModified":"2024-06-26T12:15:41+00:00","description":"Fond\u00e9e en 1942 en tant qu\u2019Industrie-Holding, SwissHoldings est une association professionnelle intersectorielle.","breadcrumb":{"@id":"https:\/\/swissholdings.ch\/fr\/swissholdings-%e2%88%92-a-propos\/#breadcrumb"},"inLanguage":"fr-FR","potentialAction":[{"@type":"ReadAction","target":["https:\/\/swissholdings.ch\/fr\/swissholdings-%e2%88%92-a-propos\/"]}]},{"@type":"ImageObject","inLanguage":"fr-FR","@id":"https:\/\/swissholdings.ch\/fr\/swissholdings-%e2%88%92-a-propos\/#primaryimage","url":"https:\/\/swissholdings.ch\/fr\/wp-content\/uploads\/sites\/3\/2021\/02\/Bild-Eingangsbereich.jpg","contentUrl":"https:\/\/swissholdings.ch\/fr\/wp-content\/uploads\/sites\/3\/2021\/02\/Bild-Eingangsbereich.jpg","width":1137,"height":790},{"@type":"BreadcrumbList","@id":"https:\/\/swissholdings.ch\/fr\/swissholdings-%e2%88%92-a-propos\/#breadcrumb","itemListElement":[{"@type":"ListItem","position":1,"name":"Accueil","item":"https:\/\/swissholdings.ch\/fr\/"},{"@type":"ListItem","position":2,"name":"SwissHoldings \u2212 A propos"}]},{"@type":"WebSite","@id":"https:\/\/swissholdings.ch\/fr\/#website","url":"https:\/\/swissholdings.ch\/fr\/","name":"Swissholdings FR","description":"Swissholdings","potentialAction":[{"@type":"SearchAction","target":{"@type":"EntryPoint","urlTemplate":"https:\/\/swissholdings.ch\/fr\/?s={search_term_string}"},"query-input":{"@type":"PropertyValueSpecification","valueRequired":true,"valueName":"search_term_string"}}],"inLanguage":"fr-FR"}]}},"_links":{"self":[{"href":"https:\/\/swissholdings.ch\/fr\/wp-json\/wp\/v2\/pages\/100003346","targetHints":{"allow":["GET"]}}],"collection":[{"href":"https:\/\/swissholdings.ch\/fr\/wp-json\/wp\/v2\/pages"}],"about":[{"href":"https:\/\/swissholdings.ch\/fr\/wp-json\/wp\/v2\/types\/page"}],"author":[{"embeddable":true,"href":"https:\/\/swissholdings.ch\/fr\/wp-json\/wp\/v2\/users\/4"}],"replies":[{"embeddable":true,"href":"https:\/\/swissholdings.ch\/fr\/wp-json\/wp\/v2\/comments?post=100003346"}],"version-history":[{"count":15,"href":"https:\/\/swissholdings.ch\/fr\/wp-json\/wp\/v2\/pages\/100003346\/revisions"}],"predecessor-version":[{"id":100003924,"href":"https:\/\/swissholdings.ch\/fr\/wp-json\/wp\/v2\/pages\/100003346\/revisions\/100003924"}],"wp:featuredmedia":[{"embeddable":true,"href":"https:\/\/swissholdings.ch\/fr\/wp-json\/wp\/v2\/media\/100003347"}],"wp:attachment":[{"href":"https:\/\/swissholdings.ch\/fr\/wp-json\/wp\/v2\/media?parent=100003346"}],"curies":[{"name":"wp","href":"https:\/\/api.w.org\/{rel}","templated":true}]}}