{"id":100001725,"date":"2019-10-08T15:55:28","date_gmt":"2019-10-08T13:55:28","guid":{"rendered":"https:\/\/swissholdings.ch\/fr\/dossier-datenschutzrevision\/"},"modified":"2021-01-11T17:38:56","modified_gmt":"2021-01-11T16:38:56","slug":"dossier-lpd","status":"publish","type":"page","link":"https:\/\/swissholdings.ch\/fr\/dossier-lpd\/","title":{"rendered":"Dossier de la loi f\u00e9d\u00e9rale sur la protection des donn\u00e9es (LPD)"},"content":{"rendered":"<p><strong>Links &amp; Downloads:<\/strong><\/p>\n<ul>\n<li>Swiss Parliament file 17.059: Loi sur la protection des donn\u00e9es. R\u00e9vision totale et modification d\u2019autres lois f\u00e9d\u00e9rales\u00a0 [<a href=\"https:\/\/www.parlament.ch\/en\/ratsbetrieb\/suche-curia-vista\/geschaeft?AffairId=20170059\">Link<\/a>]\u00a0 \/ Datenschutzgesetz. Totalrevision und \u00c4nderung weiterer Erlasse zum Datenschutz\u00a0 [<a href=\"https:\/\/www.parlament.ch\/de\/ratsbetrieb\/suche-curia-vista\/geschaeft?AffairId=20170059\" target=\"_blank\" rel=\"noopener noreferrer\">Link<\/a>]<\/li>\n<li>Q&amp;A-Papier zum internationalen Kontext der Datenschutzrevision und Datenschutz\u00e4quivalenz CH-EU, 18.6.2020 [in German only]\u00a0 [<a href=\"https:\/\/swissholdings.ch\/fr\/wp-content\/uploads\/sites\/3\/2019\/06\/QA-DS-Aequivalenz_2019-06_V31_JB.pdf\" target=\"_blank\" rel=\"noopener noreferrer\">pdf<\/a>]<\/li>\n<\/ul>\n<ul>\n<li><span style=\"color: #b95b6f;\">NEW: <\/span>Arbeitsdokument: Text revDSG nach Nationalratsberatung am 25.9.2019 (track-change-Darstellung rev12) [in German only]\u00a0 [<a href=\"https:\/\/swissholdings.ch\/fr\/wp-content\/uploads\/sites\/3\/2019\/10\/E-DSG_nach-NR_2019-09-25_redlined-rev12.pdf\" target=\"_blank\" rel=\"noopener noreferrer\">pdf<\/a>]<\/li>\n<\/ul>\n<p>&nbsp;<\/p>\n<br \/><b>Weiterf\u00fchrende Dokumente<\/b><br \/><a href=\"https:\/\/swissholdings.ch\/fr\/kurzupdate-zur-beratung-des-dsg-waehrend-der-sommersession-2020\/\">15. juin 2020<br \/>Kurzupdate zur Beratung des DSG w\u00e4hrend der Sommersession 2020<\/a><br \/><br \/><a href=\"https:\/\/swissholdings.ch\/fr\/kurzupdate-zur-beratung-des-dsg-waehrend-der-sommersession-2020-2\/\">15. juin 2020<br \/>Kurzupdate zur Beratung des DSG w\u00e4hrend der Sommersession 2020<\/a><br \/><br \/><a href=\"https:\/\/swissholdings.ch\/fr\/swissholdings-begruesst-den-entscheid-der-staatspolitischen-kommission-des-bundesrats-die-datenschutzrevision-bereits-auf-die-wintersession-in-den-rat-zu-schicken\/\">21. novembre 2019<br \/>SwissHoldings begr\u00fcsst den Entscheid der Staatspolitischen Kommission des Bundesrats, die Datenschutzrevision bereits auf die Wintersession in den Rat zu schicken<\/a><br \/><br \/><a href=\"https:\/\/swissholdings.ch\/fr\/swissholdings-begruesst-unterzeichnung-der-datenschutzkonvention-des-europarates\/\">31. octobre 2019<br \/>SwissHoldings begr\u00fcsst Unterzeichnung der Datenschutzkonvention des Europarates<\/a><br \/>\n<div class=\"SnapLinksContainer\" style=\"margin-left: 0px; margin-top: 0px;\">\n<div class=\"SL_SelectionRect\">\n<div class=\"SL_SelectionLabel\"><\/div>\n<\/div>\n<p><!-- Used for easily cloning the properly namespaced rect --><\/p>\n<\/div>\n<div class=\"SnapLinksContainer\" style=\"margin-left: 0px; margin-top: 0px;\">\n<div class=\"SL_SelectionRect\">\n<div class=\"SL_SelectionLabel\"><\/div>\n<\/div>\n<p><!-- Used for easily cloning the properly namespaced rect --><\/p>\n<\/div>\n","protected":false},"excerpt":{"rendered":"<p>Links &amp; Downloads: Swiss Parliament file 17.059: Loi sur la protection des donn\u00e9es. R\u00e9vision totale et modification d\u2019autres lois f\u00e9d\u00e9rales\u00a0 Link\u00a0 \/ Datenschutzgesetz. Totalrevision und \u00c4nderung weiterer Erlasse zum Datenschutz\u00a0 Link Q&amp;A-Papier zum internationalen Kontext der Datenschutzrevision und Datenschutz\u00e4quivalenz CH-EU, 18.6.2020 in German only\u00a0 pdf NEW: Arbeitsdokument: Text revDSG nach Nationalratsberatung am 25.9.2019 (track-change-Darstellung rev12) &hellip;<\/p>\n","protected":false},"author":1,"featured_media":100003326,"parent":0,"menu_order":0,"comment_status":"closed","ping_status":"closed","template":"","meta":{"footnotes":""},"class_list":["post-100001725","page","type-page","status-publish","has-post-thumbnail","hentry"],"yoast_head":"<!-- This site is optimized with the Yoast SEO plugin v26.5 - https:\/\/yoast.com\/wordpress\/plugins\/seo\/ -->\n<title>Dossier de la loi f\u00e9d\u00e9rale sur la protection des donn\u00e9es (LPD) - Swissholdings FR<\/title>\n<meta name=\"robots\" content=\"index, follow, max-snippet:-1, max-image-preview:large, max-video-preview:-1\" \/>\n<link rel=\"canonical\" href=\"https:\/\/swissholdings.ch\/fr\/dossier-lpd\/\" \/>\n<meta property=\"og:locale\" content=\"fr_FR\" \/>\n<meta property=\"og:type\" content=\"article\" \/>\n<meta property=\"og:title\" content=\"Dossier de la loi f\u00e9d\u00e9rale sur la protection des donn\u00e9es (LPD) - Swissholdings FR\" \/>\n<meta property=\"og:description\" content=\"Links &amp; Downloads: Swiss Parliament file 17.059: Loi sur la protection des donn\u00e9es. R\u00e9vision totale et modification d\u2019autres lois f\u00e9d\u00e9rales\u00a0 Link\u00a0 \/ Datenschutzgesetz. Totalrevision und \u00c4nderung weiterer Erlasse zum Datenschutz\u00a0 Link Q&amp;A-Papier zum internationalen Kontext der Datenschutzrevision und Datenschutz\u00e4quivalenz CH-EU, 18.6.2020 in German only\u00a0 pdf NEW: Arbeitsdokument: Text revDSG nach Nationalratsberatung am 25.9.2019 (track-change-Darstellung rev12) &hellip;\" \/>\n<meta property=\"og:url\" content=\"https:\/\/swissholdings.ch\/fr\/dossier-lpd\/\" \/>\n<meta property=\"og:site_name\" content=\"Swissholdings FR\" \/>\n<meta property=\"article:modified_time\" content=\"2021-01-11T16:38:56+00:00\" \/>\n<meta property=\"og:image\" content=\"https:\/\/swissholdings.ch\/fr\/wp-content\/uploads\/sites\/3\/2021\/01\/Datenschutz-Swissholding-e1591683916593.jpg\" \/>\n\t<meta property=\"og:image:width\" content=\"1900\" \/>\n\t<meta property=\"og:image:height\" content=\"926\" \/>\n\t<meta property=\"og:image:type\" content=\"image\/jpeg\" \/>\n<meta name=\"twitter:card\" content=\"summary_large_image\" \/>\n<script type=\"application\/ld+json\" class=\"yoast-schema-graph\">{\"@context\":\"https:\/\/schema.org\",\"@graph\":[{\"@type\":\"WebPage\",\"@id\":\"https:\/\/swissholdings.ch\/fr\/dossier-lpd\/\",\"url\":\"https:\/\/swissholdings.ch\/fr\/dossier-lpd\/\",\"name\":\"Dossier de la loi f\u00e9d\u00e9rale sur la protection des donn\u00e9es (LPD) - Swissholdings FR\",\"isPartOf\":{\"@id\":\"https:\/\/swissholdings.ch\/fr\/#website\"},\"primaryImageOfPage\":{\"@id\":\"https:\/\/swissholdings.ch\/fr\/dossier-lpd\/#primaryimage\"},\"image\":{\"@id\":\"https:\/\/swissholdings.ch\/fr\/dossier-lpd\/#primaryimage\"},\"thumbnailUrl\":\"https:\/\/swissholdings.ch\/fr\/wp-content\/uploads\/sites\/3\/2021\/01\/Datenschutz-Swissholding-e1591683916593.jpg\",\"datePublished\":\"2019-10-08T13:55:28+00:00\",\"dateModified\":\"2021-01-11T16:38:56+00:00\",\"breadcrumb\":{\"@id\":\"https:\/\/swissholdings.ch\/fr\/dossier-lpd\/#breadcrumb\"},\"inLanguage\":\"fr-FR\",\"potentialAction\":[{\"@type\":\"ReadAction\",\"target\":[\"https:\/\/swissholdings.ch\/fr\/dossier-lpd\/\"]}]},{\"@type\":\"ImageObject\",\"inLanguage\":\"fr-FR\",\"@id\":\"https:\/\/swissholdings.ch\/fr\/dossier-lpd\/#primaryimage\",\"url\":\"https:\/\/swissholdings.ch\/fr\/wp-content\/uploads\/sites\/3\/2021\/01\/Datenschutz-Swissholding-e1591683916593.jpg\",\"contentUrl\":\"https:\/\/swissholdings.ch\/fr\/wp-content\/uploads\/sites\/3\/2021\/01\/Datenschutz-Swissholding-e1591683916593.jpg\",\"width\":1900,\"height\":926},{\"@type\":\"BreadcrumbList\",\"@id\":\"https:\/\/swissholdings.ch\/fr\/dossier-lpd\/#breadcrumb\",\"itemListElement\":[{\"@type\":\"ListItem\",\"position\":1,\"name\":\"Accueil\",\"item\":\"https:\/\/swissholdings.ch\/fr\/\"},{\"@type\":\"ListItem\",\"position\":2,\"name\":\"Dossier de la loi f\u00e9d\u00e9rale sur la protection des donn\u00e9es (LPD)\"}]},{\"@type\":\"WebSite\",\"@id\":\"https:\/\/swissholdings.ch\/fr\/#website\",\"url\":\"https:\/\/swissholdings.ch\/fr\/\",\"name\":\"Swissholdings FR\",\"description\":\"Swissholdings\",\"potentialAction\":[{\"@type\":\"SearchAction\",\"target\":{\"@type\":\"EntryPoint\",\"urlTemplate\":\"https:\/\/swissholdings.ch\/fr\/?s={search_term_string}\"},\"query-input\":{\"@type\":\"PropertyValueSpecification\",\"valueRequired\":true,\"valueName\":\"search_term_string\"}}],\"inLanguage\":\"fr-FR\"}]}<\/script>\n<!-- \/ Yoast SEO plugin. -->","yoast_head_json":{"title":"Dossier de la loi f\u00e9d\u00e9rale sur la protection des donn\u00e9es (LPD) - Swissholdings FR","robots":{"index":"index","follow":"follow","max-snippet":"max-snippet:-1","max-image-preview":"max-image-preview:large","max-video-preview":"max-video-preview:-1"},"canonical":"https:\/\/swissholdings.ch\/fr\/dossier-lpd\/","og_locale":"fr_FR","og_type":"article","og_title":"Dossier de la loi f\u00e9d\u00e9rale sur la protection des donn\u00e9es (LPD) - Swissholdings FR","og_description":"Links &amp; Downloads: Swiss Parliament file 17.059: Loi sur la protection des donn\u00e9es. R\u00e9vision totale et modification d\u2019autres lois f\u00e9d\u00e9rales\u00a0 Link\u00a0 \/ Datenschutzgesetz. Totalrevision und \u00c4nderung weiterer Erlasse zum Datenschutz\u00a0 Link Q&amp;A-Papier zum internationalen Kontext der Datenschutzrevision und Datenschutz\u00e4quivalenz CH-EU, 18.6.2020 in German only\u00a0 pdf NEW: Arbeitsdokument: Text revDSG nach Nationalratsberatung am 25.9.2019 (track-change-Darstellung rev12) &hellip;","og_url":"https:\/\/swissholdings.ch\/fr\/dossier-lpd\/","og_site_name":"Swissholdings FR","article_modified_time":"2021-01-11T16:38:56+00:00","og_image":[{"width":1900,"height":926,"url":"https:\/\/swissholdings.ch\/fr\/wp-content\/uploads\/sites\/3\/2021\/01\/Datenschutz-Swissholding-e1591683916593.jpg","type":"image\/jpeg"}],"twitter_card":"summary_large_image","schema":{"@context":"https:\/\/schema.org","@graph":[{"@type":"WebPage","@id":"https:\/\/swissholdings.ch\/fr\/dossier-lpd\/","url":"https:\/\/swissholdings.ch\/fr\/dossier-lpd\/","name":"Dossier de la loi f\u00e9d\u00e9rale sur la protection des donn\u00e9es (LPD) - Swissholdings FR","isPartOf":{"@id":"https:\/\/swissholdings.ch\/fr\/#website"},"primaryImageOfPage":{"@id":"https:\/\/swissholdings.ch\/fr\/dossier-lpd\/#primaryimage"},"image":{"@id":"https:\/\/swissholdings.ch\/fr\/dossier-lpd\/#primaryimage"},"thumbnailUrl":"https:\/\/swissholdings.ch\/fr\/wp-content\/uploads\/sites\/3\/2021\/01\/Datenschutz-Swissholding-e1591683916593.jpg","datePublished":"2019-10-08T13:55:28+00:00","dateModified":"2021-01-11T16:38:56+00:00","breadcrumb":{"@id":"https:\/\/swissholdings.ch\/fr\/dossier-lpd\/#breadcrumb"},"inLanguage":"fr-FR","potentialAction":[{"@type":"ReadAction","target":["https:\/\/swissholdings.ch\/fr\/dossier-lpd\/"]}]},{"@type":"ImageObject","inLanguage":"fr-FR","@id":"https:\/\/swissholdings.ch\/fr\/dossier-lpd\/#primaryimage","url":"https:\/\/swissholdings.ch\/fr\/wp-content\/uploads\/sites\/3\/2021\/01\/Datenschutz-Swissholding-e1591683916593.jpg","contentUrl":"https:\/\/swissholdings.ch\/fr\/wp-content\/uploads\/sites\/3\/2021\/01\/Datenschutz-Swissholding-e1591683916593.jpg","width":1900,"height":926},{"@type":"BreadcrumbList","@id":"https:\/\/swissholdings.ch\/fr\/dossier-lpd\/#breadcrumb","itemListElement":[{"@type":"ListItem","position":1,"name":"Accueil","item":"https:\/\/swissholdings.ch\/fr\/"},{"@type":"ListItem","position":2,"name":"Dossier de la loi f\u00e9d\u00e9rale sur la protection des donn\u00e9es (LPD)"}]},{"@type":"WebSite","@id":"https:\/\/swissholdings.ch\/fr\/#website","url":"https:\/\/swissholdings.ch\/fr\/","name":"Swissholdings FR","description":"Swissholdings","potentialAction":[{"@type":"SearchAction","target":{"@type":"EntryPoint","urlTemplate":"https:\/\/swissholdings.ch\/fr\/?s={search_term_string}"},"query-input":{"@type":"PropertyValueSpecification","valueRequired":true,"valueName":"search_term_string"}}],"inLanguage":"fr-FR"}]}},"_links":{"self":[{"href":"https:\/\/swissholdings.ch\/fr\/wp-json\/wp\/v2\/pages\/100001725","targetHints":{"allow":["GET"]}}],"collection":[{"href":"https:\/\/swissholdings.ch\/fr\/wp-json\/wp\/v2\/pages"}],"about":[{"href":"https:\/\/swissholdings.ch\/fr\/wp-json\/wp\/v2\/types\/page"}],"author":[{"embeddable":true,"href":"https:\/\/swissholdings.ch\/fr\/wp-json\/wp\/v2\/users\/1"}],"replies":[{"embeddable":true,"href":"https:\/\/swissholdings.ch\/fr\/wp-json\/wp\/v2\/comments?post=100001725"}],"version-history":[{"count":3,"href":"https:\/\/swissholdings.ch\/fr\/wp-json\/wp\/v2\/pages\/100001725\/revisions"}],"predecessor-version":[{"id":100003327,"href":"https:\/\/swissholdings.ch\/fr\/wp-json\/wp\/v2\/pages\/100001725\/revisions\/100003327"}],"wp:featuredmedia":[{"embeddable":true,"href":"https:\/\/swissholdings.ch\/fr\/wp-json\/wp\/v2\/media\/100003326"}],"wp:attachment":[{"href":"https:\/\/swissholdings.ch\/fr\/wp-json\/wp\/v2\/media?parent=100001725"}],"curies":[{"name":"wp","href":"https:\/\/api.w.org\/{rel}","templated":true}]}}