{"id":100000921,"date":"2019-01-15T11:37:12","date_gmt":"2019-01-15T10:37:12","guid":{"rendered":"https:\/\/sh-dev.openbyte.ch\/?page_id=100000921"},"modified":"2019-01-15T11:37:12","modified_gmt":"2019-01-15T10:37:12","slug":"compliance-et-protection-des-donnees","status":"publish","type":"page","link":"https:\/\/swissholdings.ch\/fr\/compliance-et-protection-des-donnees\/","title":{"rendered":"Compliance et protection des donn\u00e9es"},"content":{"rendered":"\t\t<div data-elementor-type=\"wp-post\" data-elementor-id=\"100000921\" class=\"elementor elementor-100000921 elementor-bc-flex-widget\" data-elementor-post-type=\"page\">\n\t\t\t\t\t\t<section class=\"elementor-section elementor-top-section elementor-element elementor-element-7a5379e1 elementor-section-stretched elementor-section-boxed elementor-section-height-default elementor-section-height-default\" data-id=\"7a5379e1\" data-element_type=\"section\" data-settings=\"{&quot;stretch_section&quot;:&quot;section-stretched&quot;}\">\n\t\t\t\t\t\t<div class=\"elementor-container elementor-column-gap-default\">\n\t\t\t\t\t<div class=\"elementor-column elementor-col-100 elementor-top-column elementor-element elementor-element-1f674424\" data-id=\"1f674424\" data-element_type=\"column\">\n\t\t\t<div class=\"elementor-widget-wrap elementor-element-populated\">\n\t\t\t\t\t\t<div class=\"elementor-element elementor-element-346068fb elementor-widget elementor-widget-heading\" data-id=\"346068fb\" data-element_type=\"widget\" data-widget_type=\"heading.default\">\n\t\t\t\t<div class=\"elementor-widget-container\">\n\t\t\t\t\t<h3 class=\"elementor-heading-title elementor-size-default\">SwissHoldings vertritt die Interessen der Schweizer Direktinvestoren und Multinationalen Unternehmen im In- und Ausland.<\/h3>\t\t\t\t<\/div>\n\t\t\t\t<\/div>\n\t\t\t\t\t<\/div>\n\t\t<\/div>\n\t\t\t\t\t<\/div>\n\t\t<\/section>\n\t\t\t\t<section class=\"elementor-section elementor-top-section elementor-element elementor-element-5bb35162 elementor-section-stretched elementor-section-boxed elementor-section-height-default elementor-section-height-default\" data-id=\"5bb35162\" data-element_type=\"section\" data-settings=\"{&quot;stretch_section&quot;:&quot;section-stretched&quot;}\">\n\t\t\t\t\t\t<div class=\"elementor-container elementor-column-gap-default\">\n\t\t\t\t\t<div class=\"elementor-column elementor-col-100 elementor-top-column elementor-element elementor-element-712744d9\" data-id=\"712744d9\" data-element_type=\"column\">\n\t\t\t<div class=\"elementor-widget-wrap elementor-element-populated\">\n\t\t\t\t\t\t<div class=\"elementor-element elementor-element-2cde5d42 elementor-widget elementor-widget-text-editor\" data-id=\"2cde5d42\" data-element_type=\"widget\" data-widget_type=\"text-editor.default\">\n\t\t\t\t<div class=\"elementor-widget-container\">\n\t\t\t\t\t\t\t\t\t<p>Direktinvestitionen tragen massgeblich zum grenz\u00fcberschreitenden Austausch von Personal, Kapital und Wissen bei. Solide rechtliche Rahmenbedingungen sind Voraussetzung sowohl f\u00fcr das Wachstum der Weltwirtschaft als auch f\u00fcr die erfolgreiche T\u00e4tigkeit der Schweizer Unternehmen auf den globalen M\u00e4rkten. Die Unternehmen verpflichten sich, sich verantwortungsvoll auf diesen M\u00e4rkten zu verhalten. Der Staat unterst\u00fctzt sie mit seinen CSR-Programmen.<\/p>\t\t\t\t\t\t\t\t<\/div>\n\t\t\t\t<\/div>\n\t\t\t\t\t<\/div>\n\t\t<\/div>\n\t\t\t\t\t<\/div>\n\t\t<\/section>\n\t\t\t\t<section class=\"elementor-section elementor-top-section elementor-element elementor-element-255a5e0d elementor-section-stretched elementor-section-boxed elementor-section-height-default elementor-section-height-default\" data-id=\"255a5e0d\" data-element_type=\"section\" data-settings=\"{&quot;stretch_section&quot;:&quot;section-stretched&quot;}\">\n\t\t\t\t\t\t<div class=\"elementor-container elementor-column-gap-default\">\n\t\t\t\t\t<div class=\"elementor-column elementor-col-100 elementor-top-column elementor-element elementor-element-37e8541c\" data-id=\"37e8541c\" data-element_type=\"column\">\n\t\t\t<div class=\"elementor-widget-wrap elementor-element-populated\">\n\t\t\t\t\t\t<div class=\"elementor-element elementor-element-12d5a91f elementor-widget elementor-widget-wp-widget-dotorg_blog_list\" data-id=\"12d5a91f\" data-element_type=\"widget\" data-widget_type=\"wp-widget-dotorg_blog_list.default\">\n\t\t\t\t<div class=\"elementor-widget-container\">\n\t\t\t\t\t\t\t\r\n\t\t\t\t\r\n        \t            \r\n\t\t\t            <div class=\"blogger\">\r\n\t\t\t\t\t\t<\/div>\r\n\t\t\t<div class=\"clearfix\"><\/div>\r\n\t\t\r\n\t\t\t\t\t\t<\/div>\n\t\t\t\t<\/div>\n\t\t\t\t<div class=\"elementor-element elementor-element-590c95e6 elementor-widget-divider--view-line elementor-widget elementor-widget-divider\" data-id=\"590c95e6\" data-element_type=\"widget\" data-widget_type=\"divider.default\">\n\t\t\t\t<div class=\"elementor-widget-container\">\n\t\t\t\t\t\t\t<div class=\"elementor-divider\">\n\t\t\t<span class=\"elementor-divider-separator\">\n\t\t\t\t\t\t<\/span>\n\t\t<\/div>\n\t\t\t\t\t\t<\/div>\n\t\t\t\t<\/div>\n\t\t\t\t\t<\/div>\n\t\t<\/div>\n\t\t\t\t\t<\/div>\n\t\t<\/section>\n\t\t\t\t<section class=\"elementor-section elementor-top-section elementor-element elementor-element-3c44674f elementor-section-stretched elementor-section-boxed elementor-section-height-default elementor-section-height-default\" data-id=\"3c44674f\" data-element_type=\"section\" data-settings=\"{&quot;stretch_section&quot;:&quot;section-stretched&quot;}\">\n\t\t\t\t\t\t<div class=\"elementor-container elementor-column-gap-default\">\n\t\t\t\t\t<div class=\"elementor-column elementor-col-50 elementor-top-column elementor-element elementor-element-4b9dfb92\" data-id=\"4b9dfb92\" data-element_type=\"column\">\n\t\t\t<div class=\"elementor-widget-wrap elementor-element-populated\">\n\t\t\t\t\t\t<div class=\"elementor-element elementor-element-5844ef9b elementor-widget elementor-widget-text-editor\" data-id=\"5844ef9b\" data-element_type=\"widget\" data-widget_type=\"text-editor.default\">\n\t\t\t\t<div class=\"elementor-widget-container\">\n\t\t\t\t\t\t\t\t\t<ul style=\"margin-bottom: 1.25em; margin-left: 18px; direction: ltr; font-size: 0.875em; line-height: 1.4; list-style-position: outside; font-family: 'Open Sans', Helvetica, Arial, sans-serif; list-style-type: square; color: #3e3e3e;\">\n \t<li style=\"padding-top: 0px; padding-bottom: 30px; direction: ltr;\">Das bestehende Regelwerk f\u00fcr das CSR-Engagement der Unternehmen ist vielschichtig und funktioniert. Es braucht keine neuen Regulierungen wie sie die NGO proklamieren.<\/li>\n \t<li style=\"padding-top: 0px; padding-bottom: 30px; direction: ltr;\">Der Investitionsschutz ist f\u00fcr die Unternehmen nach wie vor relevant. Die aktuellen Streitbeilegungsmechanismen haben sich bew\u00e4hrt und sollen nur mit \u00e4usserster Sorgfalt weiterentwickelt werden.<\/li>\n \t<li style=\"padding-top: 0px; padding-bottom: 30px; direction: ltr;\">Die Multinationalen Konzerne haben eine grosse Bedeutung f\u00fcr die Schweizer Volkswirtschaft. Das Verst\u00e4ndnis daf\u00fcr ist generell zu st\u00e4rken.<\/li>\n<\/ul>\t\t\t\t\t\t\t\t<\/div>\n\t\t\t\t<\/div>\n\t\t\t\t\t<\/div>\n\t\t<\/div>\n\t\t\t\t<div class=\"elementor-column elementor-col-50 elementor-top-column elementor-element elementor-element-14f891de\" data-id=\"14f891de\" data-element_type=\"column\">\n\t\t\t<div class=\"elementor-widget-wrap elementor-element-populated\">\n\t\t\t\t\t\t<div class=\"elementor-element elementor-element-1c7b8a78 elementor-widget elementor-widget-image\" data-id=\"1c7b8a78\" data-element_type=\"widget\" data-widget_type=\"image.default\">\n\t\t\t\t<div class=\"elementor-widget-container\">\n\t\t\t\t\t\t\t\t\t\t\t\t\t\t\t<img fetchpriority=\"high\" decoding=\"async\" width=\"750\" height=\"500\" src=\"https:\/\/swissholdings.ch\/fr\/wp-content\/uploads\/sites\/3\/2018\/11\/swissholdings-mitglieder-1024x683.jpg\" class=\"attachment-large size-large wp-image-100000630\" alt=\"\" srcset=\"https:\/\/swissholdings.ch\/fr\/wp-content\/uploads\/sites\/3\/2018\/11\/swissholdings-mitglieder-1024x683.jpg 1024w, https:\/\/swissholdings.ch\/fr\/wp-content\/uploads\/sites\/3\/2018\/11\/swissholdings-mitglieder-300x200.jpg 300w, https:\/\/swissholdings.ch\/fr\/wp-content\/uploads\/sites\/3\/2018\/11\/swissholdings-mitglieder-768x512.jpg 768w, https:\/\/swissholdings.ch\/fr\/wp-content\/uploads\/sites\/3\/2018\/11\/swissholdings-mitglieder-758x505.jpg 758w\" sizes=\"(max-width: 750px) 100vw, 750px\" \/>\t\t\t\t\t\t\t\t\t\t\t\t\t\t\t<\/div>\n\t\t\t\t<\/div>\n\t\t\t\t\t<\/div>\n\t\t<\/div>\n\t\t\t\t\t<\/div>\n\t\t<\/section>\n\t\t\t\t<section class=\"elementor-section elementor-top-section elementor-element elementor-element-228d72a9 elementor-section-stretched elementor-section-boxed elementor-section-height-default elementor-section-height-default\" data-id=\"228d72a9\" data-element_type=\"section\" data-settings=\"{&quot;stretch_section&quot;:&quot;section-stretched&quot;}\">\n\t\t\t\t\t\t<div class=\"elementor-container elementor-column-gap-default\">\n\t\t\t\t\t<div class=\"elementor-column elementor-col-100 elementor-top-column elementor-element elementor-element-37a7cc9c\" data-id=\"37a7cc9c\" data-element_type=\"column\">\n\t\t\t<div class=\"elementor-widget-wrap elementor-element-populated\">\n\t\t\t\t\t\t<div class=\"elementor-element elementor-element-6190a602 elementor-widget elementor-widget-text-editor\" data-id=\"6190a602\" data-element_type=\"widget\" data-widget_type=\"text-editor.default\">\n\t\t\t\t<div class=\"elementor-widget-container\">\n\t\t\t\t\t\t\t\t\t<p><strong>SwissHoldings engagiert sich f\u00fcr optimale rechtliche Rahmenbedingungen f\u00fcr Direktinvestitionen im Ausland. Diese sollen den Unternehmen den Marktzugang sichern und sie vor Diskriminierung sch\u00fctzen.<\/strong><\/p>\t\t\t\t\t\t\t\t<\/div>\n\t\t\t\t<\/div>\n\t\t\t\t\t<\/div>\n\t\t<\/div>\n\t\t\t\t\t<\/div>\n\t\t<\/section>\n\t\t\t\t<section class=\"elementor-section elementor-top-section elementor-element elementor-element-71a96259 elementor-section-boxed elementor-section-height-default elementor-section-height-default\" data-id=\"71a96259\" data-element_type=\"section\">\n\t\t\t\t\t\t<div class=\"elementor-container elementor-column-gap-default\">\n\t\t\t\t\t<div class=\"elementor-column elementor-col-100 elementor-top-column elementor-element elementor-element-67b3ccc6\" data-id=\"67b3ccc6\" data-element_type=\"column\">\n\t\t\t<div class=\"elementor-widget-wrap elementor-element-populated\">\n\t\t\t\t\t\t<div class=\"elementor-element elementor-element-10ffdf3c elementor-widget elementor-widget-heading\" data-id=\"10ffdf3c\" data-element_type=\"widget\" data-widget_type=\"heading.default\">\n\t\t\t\t<div class=\"elementor-widget-container\">\n\t\t\t\t\t<h2 class=\"elementor-heading-title elementor-size-default\">Kontakt<\/h2>\t\t\t\t<\/div>\n\t\t\t\t<\/div>\n\t\t\t\t\t<\/div>\n\t\t<\/div>\n\t\t\t\t\t<\/div>\n\t\t<\/section>\n\t\t\t\t<section class=\"elementor-section elementor-top-section elementor-element elementor-element-755fde28 elementor-section-boxed elementor-section-height-default elementor-section-height-default\" data-id=\"755fde28\" data-element_type=\"section\">\n\t\t\t\t\t\t<div class=\"elementor-container elementor-column-gap-default\">\n\t\t\t\t\t<div class=\"elementor-column elementor-col-50 elementor-top-column elementor-element elementor-element-2d95fed1\" data-id=\"2d95fed1\" data-element_type=\"column\">\n\t\t\t<div class=\"elementor-widget-wrap elementor-element-populated\">\n\t\t\t\t\t\t<div class=\"elementor-element elementor-element-3f904291 elementor-widget elementor-widget-image\" data-id=\"3f904291\" data-element_type=\"widget\" data-widget_type=\"image.default\">\n\t\t\t\t<div class=\"elementor-widget-container\">\n\t\t\t\t\t\t\t\t\t\t\t\t\t\t\t<img decoding=\"async\" width=\"750\" height=\"523\" src=\"https:\/\/swissholdings.ch\/fr\/wp-content\/uploads\/sites\/3\/2018\/11\/14-01-Denise_Laufer_07.jpg\" class=\"attachment-large size-large wp-image-100000790\" alt=\"\" srcset=\"https:\/\/swissholdings.ch\/fr\/wp-content\/uploads\/sites\/3\/2018\/11\/14-01-Denise_Laufer_07.jpg 800w, https:\/\/swissholdings.ch\/fr\/wp-content\/uploads\/sites\/3\/2018\/11\/14-01-Denise_Laufer_07-300x209.jpg 300w, https:\/\/swissholdings.ch\/fr\/wp-content\/uploads\/sites\/3\/2018\/11\/14-01-Denise_Laufer_07-768x536.jpg 768w, https:\/\/swissholdings.ch\/fr\/wp-content\/uploads\/sites\/3\/2018\/11\/14-01-Denise_Laufer_07-758x529.jpg 758w\" sizes=\"(max-width: 750px) 100vw, 750px\" \/>\t\t\t\t\t\t\t\t\t\t\t\t\t\t\t<\/div>\n\t\t\t\t<\/div>\n\t\t\t\t\t<\/div>\n\t\t<\/div>\n\t\t\t\t<div class=\"elementor-column elementor-col-50 elementor-top-column elementor-element elementor-element-5aa27fc8\" data-id=\"5aa27fc8\" data-element_type=\"column\">\n\t\t\t<div class=\"elementor-widget-wrap elementor-element-populated\">\n\t\t\t\t\t\t<div class=\"elementor-element elementor-element-19655b36 elementor-widget elementor-widget-text-editor\" data-id=\"19655b36\" data-element_type=\"widget\" data-widget_type=\"text-editor.default\">\n\t\t\t\t<div class=\"elementor-widget-container\">\n\t\t\t\t\t\t\t\t\t<h3 style=\"margin:0;\">Denise Laufer<\/h3>\nMitglied der Gesch\u00e4ftsleitung, lic. oec.<br>\n<br>\n+41 31 356 68 62<br>\n<a href=\"mailto:denise.laufer@swissholdings.ch\">denise.laufer@swissholdings.ch<\/a>\n\t\t\t\t\t\t\t\t<\/div>\n\t\t\t\t<\/div>\n\t\t\t\t\t<\/div>\n\t\t<\/div>\n\t\t\t\t\t<\/div>\n\t\t<\/section>\n\t\t\t\t<\/div>\n\t\t","protected":false},"excerpt":{"rendered":"<p>SwissHoldings vertritt die Interessen der Schweizer Direktinvestoren und Multinationalen Unternehmen im In- und Ausland. Direktinvestitionen tragen massgeblich zum grenz\u00fcberschreitenden Austausch von Personal, Kapital und Wissen bei. Solide rechtliche Rahmenbedingungen sind Voraussetzung sowohl f\u00fcr das Wachstum der Weltwirtschaft als auch f\u00fcr die erfolgreiche T\u00e4tigkeit der Schweizer Unternehmen auf den globalen M\u00e4rkten. Die Unternehmen verpflichten sich, sich &hellip;<\/p>\n","protected":false},"author":1,"featured_media":0,"parent":0,"menu_order":0,"comment_status":"closed","ping_status":"closed","template":"","meta":{"footnotes":""},"class_list":["post-100000921","page","type-page","status-publish","hentry"],"yoast_head":"<!-- This site is optimized with the Yoast SEO plugin v26.5 - https:\/\/yoast.com\/wordpress\/plugins\/seo\/ -->\n<title>Compliance et protection des donn\u00e9es - Swissholdings FR<\/title>\n<meta name=\"robots\" content=\"index, follow, max-snippet:-1, max-image-preview:large, max-video-preview:-1\" \/>\n<link rel=\"canonical\" href=\"https:\/\/swissholdings.ch\/fr\/compliance-et-protection-des-donnees\/\" \/>\n<meta property=\"og:locale\" content=\"fr_FR\" \/>\n<meta property=\"og:type\" content=\"article\" \/>\n<meta property=\"og:title\" content=\"Compliance et protection des donn\u00e9es - Swissholdings FR\" \/>\n<meta property=\"og:description\" content=\"SwissHoldings vertritt die Interessen der Schweizer Direktinvestoren und Multinationalen Unternehmen im In- und Ausland. Direktinvestitionen tragen massgeblich zum grenz\u00fcberschreitenden Austausch von Personal, Kapital und Wissen bei. Solide rechtliche Rahmenbedingungen sind Voraussetzung sowohl f\u00fcr das Wachstum der Weltwirtschaft als auch f\u00fcr die erfolgreiche T\u00e4tigkeit der Schweizer Unternehmen auf den globalen M\u00e4rkten. Die Unternehmen verpflichten sich, sich &hellip;\" \/>\n<meta property=\"og:url\" content=\"https:\/\/swissholdings.ch\/fr\/compliance-et-protection-des-donnees\/\" \/>\n<meta property=\"og:site_name\" content=\"Swissholdings FR\" \/>\n<meta property=\"og:image\" content=\"https:\/\/swissholdings.ch\/fr\/wp-content\/uploads\/sites\/3\/2018\/11\/swissholdings-mitglieder-1024x683.jpg\" \/>\n<meta name=\"twitter:card\" content=\"summary_large_image\" \/>\n<meta name=\"twitter:label1\" content=\"Dur\u00e9e de lecture estim\u00e9e\" \/>\n\t<meta name=\"twitter:data1\" content=\"1 minute\" \/>\n<script type=\"application\/ld+json\" class=\"yoast-schema-graph\">{\"@context\":\"https:\/\/schema.org\",\"@graph\":[{\"@type\":\"WebPage\",\"@id\":\"https:\/\/swissholdings.ch\/fr\/compliance-et-protection-des-donnees\/\",\"url\":\"https:\/\/swissholdings.ch\/fr\/compliance-et-protection-des-donnees\/\",\"name\":\"Compliance et protection des donn\u00e9es - Swissholdings FR\",\"isPartOf\":{\"@id\":\"https:\/\/swissholdings.ch\/fr\/#website\"},\"primaryImageOfPage\":{\"@id\":\"https:\/\/swissholdings.ch\/fr\/compliance-et-protection-des-donnees\/#primaryimage\"},\"image\":{\"@id\":\"https:\/\/swissholdings.ch\/fr\/compliance-et-protection-des-donnees\/#primaryimage\"},\"thumbnailUrl\":\"https:\/\/swissholdings.ch\/fr\/wp-content\/uploads\/sites\/3\/2018\/11\/swissholdings-mitglieder-1024x683.jpg\",\"datePublished\":\"2019-01-15T10:37:12+00:00\",\"breadcrumb\":{\"@id\":\"https:\/\/swissholdings.ch\/fr\/compliance-et-protection-des-donnees\/#breadcrumb\"},\"inLanguage\":\"fr-FR\",\"potentialAction\":[{\"@type\":\"ReadAction\",\"target\":[\"https:\/\/swissholdings.ch\/fr\/compliance-et-protection-des-donnees\/\"]}]},{\"@type\":\"ImageObject\",\"inLanguage\":\"fr-FR\",\"@id\":\"https:\/\/swissholdings.ch\/fr\/compliance-et-protection-des-donnees\/#primaryimage\",\"url\":\"https:\/\/swissholdings.ch\/fr\/wp-content\/uploads\/sites\/3\/2018\/11\/swissholdings-mitglieder.jpg\",\"contentUrl\":\"https:\/\/swissholdings.ch\/fr\/wp-content\/uploads\/sites\/3\/2018\/11\/swissholdings-mitglieder.jpg\",\"width\":3200,\"height\":2133},{\"@type\":\"BreadcrumbList\",\"@id\":\"https:\/\/swissholdings.ch\/fr\/compliance-et-protection-des-donnees\/#breadcrumb\",\"itemListElement\":[{\"@type\":\"ListItem\",\"position\":1,\"name\":\"Accueil\",\"item\":\"https:\/\/swissholdings.ch\/fr\/\"},{\"@type\":\"ListItem\",\"position\":2,\"name\":\"Compliance et protection des donn\u00e9es\"}]},{\"@type\":\"WebSite\",\"@id\":\"https:\/\/swissholdings.ch\/fr\/#website\",\"url\":\"https:\/\/swissholdings.ch\/fr\/\",\"name\":\"Swissholdings FR\",\"description\":\"Swissholdings\",\"potentialAction\":[{\"@type\":\"SearchAction\",\"target\":{\"@type\":\"EntryPoint\",\"urlTemplate\":\"https:\/\/swissholdings.ch\/fr\/?s={search_term_string}\"},\"query-input\":{\"@type\":\"PropertyValueSpecification\",\"valueRequired\":true,\"valueName\":\"search_term_string\"}}],\"inLanguage\":\"fr-FR\"}]}<\/script>\n<!-- \/ Yoast SEO plugin. -->","yoast_head_json":{"title":"Compliance et protection des donn\u00e9es - Swissholdings FR","robots":{"index":"index","follow":"follow","max-snippet":"max-snippet:-1","max-image-preview":"max-image-preview:large","max-video-preview":"max-video-preview:-1"},"canonical":"https:\/\/swissholdings.ch\/fr\/compliance-et-protection-des-donnees\/","og_locale":"fr_FR","og_type":"article","og_title":"Compliance et protection des donn\u00e9es - Swissholdings FR","og_description":"SwissHoldings vertritt die Interessen der Schweizer Direktinvestoren und Multinationalen Unternehmen im In- und Ausland. Direktinvestitionen tragen massgeblich zum grenz\u00fcberschreitenden Austausch von Personal, Kapital und Wissen bei. Solide rechtliche Rahmenbedingungen sind Voraussetzung sowohl f\u00fcr das Wachstum der Weltwirtschaft als auch f\u00fcr die erfolgreiche T\u00e4tigkeit der Schweizer Unternehmen auf den globalen M\u00e4rkten. Die Unternehmen verpflichten sich, sich &hellip;","og_url":"https:\/\/swissholdings.ch\/fr\/compliance-et-protection-des-donnees\/","og_site_name":"Swissholdings FR","og_image":[{"url":"https:\/\/swissholdings.ch\/fr\/wp-content\/uploads\/sites\/3\/2018\/11\/swissholdings-mitglieder-1024x683.jpg","type":"","width":"","height":""}],"twitter_card":"summary_large_image","twitter_misc":{"Dur\u00e9e de lecture estim\u00e9e":"1 minute"},"schema":{"@context":"https:\/\/schema.org","@graph":[{"@type":"WebPage","@id":"https:\/\/swissholdings.ch\/fr\/compliance-et-protection-des-donnees\/","url":"https:\/\/swissholdings.ch\/fr\/compliance-et-protection-des-donnees\/","name":"Compliance et protection des donn\u00e9es - Swissholdings FR","isPartOf":{"@id":"https:\/\/swissholdings.ch\/fr\/#website"},"primaryImageOfPage":{"@id":"https:\/\/swissholdings.ch\/fr\/compliance-et-protection-des-donnees\/#primaryimage"},"image":{"@id":"https:\/\/swissholdings.ch\/fr\/compliance-et-protection-des-donnees\/#primaryimage"},"thumbnailUrl":"https:\/\/swissholdings.ch\/fr\/wp-content\/uploads\/sites\/3\/2018\/11\/swissholdings-mitglieder-1024x683.jpg","datePublished":"2019-01-15T10:37:12+00:00","breadcrumb":{"@id":"https:\/\/swissholdings.ch\/fr\/compliance-et-protection-des-donnees\/#breadcrumb"},"inLanguage":"fr-FR","potentialAction":[{"@type":"ReadAction","target":["https:\/\/swissholdings.ch\/fr\/compliance-et-protection-des-donnees\/"]}]},{"@type":"ImageObject","inLanguage":"fr-FR","@id":"https:\/\/swissholdings.ch\/fr\/compliance-et-protection-des-donnees\/#primaryimage","url":"https:\/\/swissholdings.ch\/fr\/wp-content\/uploads\/sites\/3\/2018\/11\/swissholdings-mitglieder.jpg","contentUrl":"https:\/\/swissholdings.ch\/fr\/wp-content\/uploads\/sites\/3\/2018\/11\/swissholdings-mitglieder.jpg","width":3200,"height":2133},{"@type":"BreadcrumbList","@id":"https:\/\/swissholdings.ch\/fr\/compliance-et-protection-des-donnees\/#breadcrumb","itemListElement":[{"@type":"ListItem","position":1,"name":"Accueil","item":"https:\/\/swissholdings.ch\/fr\/"},{"@type":"ListItem","position":2,"name":"Compliance et protection des donn\u00e9es"}]},{"@type":"WebSite","@id":"https:\/\/swissholdings.ch\/fr\/#website","url":"https:\/\/swissholdings.ch\/fr\/","name":"Swissholdings FR","description":"Swissholdings","potentialAction":[{"@type":"SearchAction","target":{"@type":"EntryPoint","urlTemplate":"https:\/\/swissholdings.ch\/fr\/?s={search_term_string}"},"query-input":{"@type":"PropertyValueSpecification","valueRequired":true,"valueName":"search_term_string"}}],"inLanguage":"fr-FR"}]}},"_links":{"self":[{"href":"https:\/\/swissholdings.ch\/fr\/wp-json\/wp\/v2\/pages\/100000921","targetHints":{"allow":["GET"]}}],"collection":[{"href":"https:\/\/swissholdings.ch\/fr\/wp-json\/wp\/v2\/pages"}],"about":[{"href":"https:\/\/swissholdings.ch\/fr\/wp-json\/wp\/v2\/types\/page"}],"author":[{"embeddable":true,"href":"https:\/\/swissholdings.ch\/fr\/wp-json\/wp\/v2\/users\/1"}],"replies":[{"embeddable":true,"href":"https:\/\/swissholdings.ch\/fr\/wp-json\/wp\/v2\/comments?post=100000921"}],"version-history":[{"count":2,"href":"https:\/\/swissholdings.ch\/fr\/wp-json\/wp\/v2\/pages\/100000921\/revisions"}],"predecessor-version":[{"id":100001302,"href":"https:\/\/swissholdings.ch\/fr\/wp-json\/wp\/v2\/pages\/100000921\/revisions\/100001302"}],"wp:attachment":[{"href":"https:\/\/swissholdings.ch\/fr\/wp-json\/wp\/v2\/media?parent=100000921"}],"curies":[{"name":"wp","href":"https:\/\/api.w.org\/{rel}","templated":true}]}}