{"id":100000648,"date":"2018-11-16T12:04:40","date_gmt":"2018-11-16T11:04:40","guid":{"rendered":"https:\/\/sh-dev.openbyte.ch\/?page_id=100000648"},"modified":"2023-10-27T00:27:59","modified_gmt":"2023-10-26T22:27:59","slug":"secretariat","status":"publish","type":"page","link":"https:\/\/swissholdings.ch\/fr\/secretariat\/","title":{"rendered":"Secr\u00e9tariat"},"content":{"rendered":"<div class=\"single-person\">\n                            <img decoding=\"async\" class=\"personen_portrait\" src=\"https:\/\/swissholdings.ch\/fr\/wp-content\/plugins\/insightly-syncer\/img-people\/465601527-Rumo_Gabriel_Rund.png\" \/>\n                            <strong>Dr. Gabriel Rumo<\/strong>\n                            <p class=\"personen_details\">Directeur<\/p>\n                            <p class=\"personen_contact\"><a href=\"mailto:gabriel.rumo@swissholdings.ch\">gabriel.rumo@swissholdings.ch<\/a><\/p>\n                          <\/div>\n<div class=\"single-person\">\n                            <img decoding=\"async\" class=\"personen_portrait\" src=\"https:\/\/swissholdings.ch\/fr\/wp-content\/plugins\/insightly-syncer\/img-people\/465601658-Hess_Martin_Rund.png\" \/>\n                            <strong> Martin Hess<\/strong>\n                            <p class=\"personen_details\">Responsable du d\u00e9partement fiscalit\u00e9, Membre du Comit\u00e9 Ex\u00e9cutif<\/p>\n                            <p class=\"personen_contact\"><a href=\"mailto:martin.hess@swissholdings.ch\">martin.hess@swissholdings.ch<\/a><\/p>\n                          <\/div><div class=\"single-person\">\n                            <img decoding=\"async\" class=\"personen_portrait\" src=\"https:\/\/swissholdings.ch\/fr\/wp-content\/plugins\/insightly-syncer\/img-people\/482210439-Laufer_Denise_Rund.png\" \/>\n                            <strong> Denise Anne Laufer<\/strong>\n                            <p class=\"personen_details\">Responsable du d\u00e9partement \u00e9conomique , Membre du Comit\u00e9 Ex\u00e9cutif<\/p>\n                            <p class=\"personen_contact\"><a href=\"mailto:denise.laufer@swissholdings.ch\">denise.laufer@swissholdings.ch<\/a><\/p>\n                          <\/div>\n<div class=\"single-person\">\n                            <img decoding=\"async\" class=\"personen_portrait\" src=\"https:\/\/swissholdings.ch\/fr\/wp-content\/plugins\/insightly-syncer\/img-people\/465601308-Antal_Claudiu_Rund.png\" \/>\n                            <strong> Claudiu A. Antal<\/strong>\n                            <p class=\"personen_details\">COO, Responsable adjoint du d\u00e9partement fiscalit\u00e9<\/p>\n                            <p class=\"personen_contact\"><a href=\"mailto:claudiu.antal@swissholdings.ch\">claudiu.antal@swissholdings.ch<\/a><\/p>\n                          <\/div><div class=\"single-person\">\n                            <img decoding=\"async\" class=\"personen_portrait\" src=\"https:\/\/swissholdings.ch\/fr\/wp-content\/plugins\/insightly-syncer\/img-people\/465601599-Besnier_Julia_Rund.png\" \/>\n                            <strong> Julia Besnier<\/strong>\n                            <p class=\"personen_details\">Responsable du d\u00e9partement Communication & Affaires publiques<\/p>\n                            <p class=\"personen_contact\"><a href=\"mailto:julia.besnier@swissholdings.ch\">julia.besnier@swissholdings.ch<\/a><\/p>\n                          <\/div><div class=\"single-person\">\n                            <img decoding=\"async\" class=\"personen_portrait\" src=\"https:\/\/swissholdings.ch\/fr\/wp-content\/plugins\/insightly-syncer\/img-people\/465601458-Kueng_Felix_Rund.png\" \/>\n                            <strong> Felix K\u00fcng<\/strong>\n                            <p class=\"personen_details\">Responsable du d\u00e9partement juridique<\/p>\n                            <p class=\"personen_contact\"><a href=\"mailto:felix.kueng@swissholdings.ch\">felix.kueng@swissholdings.ch<\/a><\/p>\n                          <\/div>\n<div class=\"single-person\">\n                            <img decoding=\"async\" class=\"personen_portrait\" src=\"https:\/\/swissholdings.ch\/fr\/wp-content\/plugins\/insightly-syncer\/img-people\/522230852-Olstein_Ilan_Rund.jpg\" \/>\n                            <strong> Ilan Olstein<\/strong>\n                            <p class=\"personen_details\">Charg\u00e9 de projet affaires publiques<\/p>\n                            <p class=\"personen_contact\"><a href=\"mailto:ilan.olstein@swissholdings.ch\">ilan.olstein@swissholdings.ch<\/a><\/p>\n                          <\/div><div class=\"single-person\">\n                            <img decoding=\"async\" class=\"personen_portrait\" src=\"https:\/\/swissholdings.ch\/fr\/wp-content\/plugins\/insightly-syncer\/img-people\/465601413-Rosenfeld_Dustin_Rund.png\" \/>\n                            <strong> Dustin  Rosenfeld<\/strong>\n                            <p class=\"personen_details\">Responsable de la politique \u00e9conomique<\/p>\n                            <p class=\"personen_contact\"><a href=\"mailto:dustin.rosenfeld@swissholdings.ch\">dustin.rosenfeld@swissholdings.ch<\/a><\/p>\n                          <\/div>\n<div class=\"single-person\">\n                            <img decoding=\"async\" class=\"personen_portrait\" src=\"https:\/\/swissholdings.ch\/fr\/wp-content\/plugins\/insightly-syncer\/img-people\/518246759-00_Platzhalter.png\" \/>\n                            <strong> Olivia Vera Curdy<\/strong>\n                            <p class=\"personen_details\">Stagiaire<\/p>\n                            <p class=\"personen_contact\"><a href=\"mailto:olivia.curdy@swissholdings.ch\">olivia.curdy@swissholdings.ch<\/a><\/p>\n                          <\/div><div class=\"single-person\">\n                            <img decoding=\"async\" class=\"personen_portrait\" src=\"https:\/\/swissholdings.ch\/fr\/wp-content\/plugins\/insightly-syncer\/img-people\/465601221-Norenberg_Annika_Rund.png\" \/>\n                            <strong> Annika Norenberg<\/strong>\n                            <p class=\"personen_details\">Responsable des \u00e9v\u00e9nements<\/p>\n                            <p class=\"personen_contact\"><a href=\"mailto:annika.norenberg@swissholdings.ch\">annika.norenberg@swissholdings.ch<\/a><\/p>\n                          <\/div><div class=\"single-person\">\n                            <img decoding=\"async\" class=\"personen_portrait\" src=\"https:\/\/swissholdings.ch\/fr\/wp-content\/plugins\/insightly-syncer\/img-people\/465601156-Sanchez_Ana_Belen_Rund.png\" \/>\n                            <strong> Ana Bel\u00e9n Sanchez<\/strong>\n                            <p class=\"personen_details\">Assistante du Directeur<\/p>\n                            <p class=\"personen_contact\"><a href=\"mailto:ana.sanchez@swissholdings.ch\">ana.sanchez@swissholdings.ch<\/a><\/p>\n                          <\/div><div class=\"single-person\">\n                            <img decoding=\"async\" class=\"personen_portrait\" src=\"https:\/\/swissholdings.ch\/fr\/wp-content\/plugins\/insightly-syncer\/img-people\/525814602-00_Platzhalter.png\" \/>\n                            <strong> Aurelia Vetere<\/strong>\n                            <p class=\"personen_details\">Office Managerin<\/p>\n                            <p class=\"personen_contact\"><a href=\"mailto:aurelia.vetere@swissholdings.ch\">aurelia.vetere@swissholdings.ch<\/a><\/p>\n                          <\/div>\n\n","protected":false},"excerpt":{"rendered":"","protected":false},"author":1,"featured_media":100000650,"parent":0,"menu_order":0,"comment_status":"closed","ping_status":"closed","template":"page-personen.php","meta":{"footnotes":""},"class_list":["post-100000648","page","type-page","status-publish","has-post-thumbnail","hentry"],"yoast_head":"<!-- This site is optimized with the Yoast SEO plugin v26.5 - https:\/\/yoast.com\/wordpress\/plugins\/seo\/ -->\n<title>Secr\u00e9tariat - Swissholdings FR<\/title>\n<meta name=\"robots\" content=\"index, follow, max-snippet:-1, max-image-preview:large, max-video-preview:-1\" \/>\n<link rel=\"canonical\" href=\"https:\/\/swissholdings.ch\/fr\/secretariat\/\" \/>\n<meta property=\"og:locale\" content=\"fr_FR\" \/>\n<meta property=\"og:type\" content=\"article\" \/>\n<meta property=\"og:title\" content=\"Secr\u00e9tariat - Swissholdings FR\" \/>\n<meta property=\"og:url\" content=\"https:\/\/swissholdings.ch\/fr\/secretariat\/\" \/>\n<meta property=\"og:site_name\" content=\"Swissholdings FR\" \/>\n<meta property=\"article:modified_time\" content=\"2023-10-26T22:27:59+00:00\" \/>\n<meta property=\"og:image\" content=\"https:\/\/swissholdings.ch\/fr\/wp-content\/uploads\/sites\/3\/2018\/11\/geschaefsstelle-bern-swissholdings.jpg\" \/>\n\t<meta property=\"og:image:width\" content=\"2200\" \/>\n\t<meta property=\"og:image:height\" content=\"878\" \/>\n\t<meta property=\"og:image:type\" content=\"image\/jpeg\" \/>\n<meta name=\"twitter:card\" content=\"summary_large_image\" \/>\n<script type=\"application\/ld+json\" class=\"yoast-schema-graph\">{\"@context\":\"https:\/\/schema.org\",\"@graph\":[{\"@type\":\"WebPage\",\"@id\":\"https:\/\/swissholdings.ch\/fr\/secretariat\/\",\"url\":\"https:\/\/swissholdings.ch\/fr\/secretariat\/\",\"name\":\"Secr\u00e9tariat - Swissholdings FR\",\"isPartOf\":{\"@id\":\"https:\/\/swissholdings.ch\/fr\/#website\"},\"primaryImageOfPage\":{\"@id\":\"https:\/\/swissholdings.ch\/fr\/secretariat\/#primaryimage\"},\"image\":{\"@id\":\"https:\/\/swissholdings.ch\/fr\/secretariat\/#primaryimage\"},\"thumbnailUrl\":\"https:\/\/swissholdings.ch\/fr\/wp-content\/uploads\/sites\/3\/2018\/11\/geschaefsstelle-bern-swissholdings.jpg\",\"datePublished\":\"2018-11-16T11:04:40+00:00\",\"dateModified\":\"2023-10-26T22:27:59+00:00\",\"breadcrumb\":{\"@id\":\"https:\/\/swissholdings.ch\/fr\/secretariat\/#breadcrumb\"},\"inLanguage\":\"fr-FR\",\"potentialAction\":[{\"@type\":\"ReadAction\",\"target\":[\"https:\/\/swissholdings.ch\/fr\/secretariat\/\"]}]},{\"@type\":\"ImageObject\",\"inLanguage\":\"fr-FR\",\"@id\":\"https:\/\/swissholdings.ch\/fr\/secretariat\/#primaryimage\",\"url\":\"https:\/\/swissholdings.ch\/fr\/wp-content\/uploads\/sites\/3\/2018\/11\/geschaefsstelle-bern-swissholdings.jpg\",\"contentUrl\":\"https:\/\/swissholdings.ch\/fr\/wp-content\/uploads\/sites\/3\/2018\/11\/geschaefsstelle-bern-swissholdings.jpg\",\"width\":2200,\"height\":878},{\"@type\":\"BreadcrumbList\",\"@id\":\"https:\/\/swissholdings.ch\/fr\/secretariat\/#breadcrumb\",\"itemListElement\":[{\"@type\":\"ListItem\",\"position\":1,\"name\":\"Accueil\",\"item\":\"https:\/\/swissholdings.ch\/fr\/\"},{\"@type\":\"ListItem\",\"position\":2,\"name\":\"Secr\u00e9tariat\"}]},{\"@type\":\"WebSite\",\"@id\":\"https:\/\/swissholdings.ch\/fr\/#website\",\"url\":\"https:\/\/swissholdings.ch\/fr\/\",\"name\":\"Swissholdings FR\",\"description\":\"Swissholdings\",\"potentialAction\":[{\"@type\":\"SearchAction\",\"target\":{\"@type\":\"EntryPoint\",\"urlTemplate\":\"https:\/\/swissholdings.ch\/fr\/?s={search_term_string}\"},\"query-input\":{\"@type\":\"PropertyValueSpecification\",\"valueRequired\":true,\"valueName\":\"search_term_string\"}}],\"inLanguage\":\"fr-FR\"}]}<\/script>\n<!-- \/ Yoast SEO plugin. -->","yoast_head_json":{"title":"Secr\u00e9tariat - Swissholdings FR","robots":{"index":"index","follow":"follow","max-snippet":"max-snippet:-1","max-image-preview":"max-image-preview:large","max-video-preview":"max-video-preview:-1"},"canonical":"https:\/\/swissholdings.ch\/fr\/secretariat\/","og_locale":"fr_FR","og_type":"article","og_title":"Secr\u00e9tariat - Swissholdings FR","og_url":"https:\/\/swissholdings.ch\/fr\/secretariat\/","og_site_name":"Swissholdings FR","article_modified_time":"2023-10-26T22:27:59+00:00","og_image":[{"width":2200,"height":878,"url":"https:\/\/swissholdings.ch\/fr\/wp-content\/uploads\/sites\/3\/2018\/11\/geschaefsstelle-bern-swissholdings.jpg","type":"image\/jpeg"}],"twitter_card":"summary_large_image","schema":{"@context":"https:\/\/schema.org","@graph":[{"@type":"WebPage","@id":"https:\/\/swissholdings.ch\/fr\/secretariat\/","url":"https:\/\/swissholdings.ch\/fr\/secretariat\/","name":"Secr\u00e9tariat - Swissholdings FR","isPartOf":{"@id":"https:\/\/swissholdings.ch\/fr\/#website"},"primaryImageOfPage":{"@id":"https:\/\/swissholdings.ch\/fr\/secretariat\/#primaryimage"},"image":{"@id":"https:\/\/swissholdings.ch\/fr\/secretariat\/#primaryimage"},"thumbnailUrl":"https:\/\/swissholdings.ch\/fr\/wp-content\/uploads\/sites\/3\/2018\/11\/geschaefsstelle-bern-swissholdings.jpg","datePublished":"2018-11-16T11:04:40+00:00","dateModified":"2023-10-26T22:27:59+00:00","breadcrumb":{"@id":"https:\/\/swissholdings.ch\/fr\/secretariat\/#breadcrumb"},"inLanguage":"fr-FR","potentialAction":[{"@type":"ReadAction","target":["https:\/\/swissholdings.ch\/fr\/secretariat\/"]}]},{"@type":"ImageObject","inLanguage":"fr-FR","@id":"https:\/\/swissholdings.ch\/fr\/secretariat\/#primaryimage","url":"https:\/\/swissholdings.ch\/fr\/wp-content\/uploads\/sites\/3\/2018\/11\/geschaefsstelle-bern-swissholdings.jpg","contentUrl":"https:\/\/swissholdings.ch\/fr\/wp-content\/uploads\/sites\/3\/2018\/11\/geschaefsstelle-bern-swissholdings.jpg","width":2200,"height":878},{"@type":"BreadcrumbList","@id":"https:\/\/swissholdings.ch\/fr\/secretariat\/#breadcrumb","itemListElement":[{"@type":"ListItem","position":1,"name":"Accueil","item":"https:\/\/swissholdings.ch\/fr\/"},{"@type":"ListItem","position":2,"name":"Secr\u00e9tariat"}]},{"@type":"WebSite","@id":"https:\/\/swissholdings.ch\/fr\/#website","url":"https:\/\/swissholdings.ch\/fr\/","name":"Swissholdings FR","description":"Swissholdings","potentialAction":[{"@type":"SearchAction","target":{"@type":"EntryPoint","urlTemplate":"https:\/\/swissholdings.ch\/fr\/?s={search_term_string}"},"query-input":{"@type":"PropertyValueSpecification","valueRequired":true,"valueName":"search_term_string"}}],"inLanguage":"fr-FR"}]}},"_links":{"self":[{"href":"https:\/\/swissholdings.ch\/fr\/wp-json\/wp\/v2\/pages\/100000648","targetHints":{"allow":["GET"]}}],"collection":[{"href":"https:\/\/swissholdings.ch\/fr\/wp-json\/wp\/v2\/pages"}],"about":[{"href":"https:\/\/swissholdings.ch\/fr\/wp-json\/wp\/v2\/types\/page"}],"author":[{"embeddable":true,"href":"https:\/\/swissholdings.ch\/fr\/wp-json\/wp\/v2\/users\/1"}],"replies":[{"embeddable":true,"href":"https:\/\/swissholdings.ch\/fr\/wp-json\/wp\/v2\/comments?post=100000648"}],"version-history":[{"count":2,"href":"https:\/\/swissholdings.ch\/fr\/wp-json\/wp\/v2\/pages\/100000648\/revisions"}],"predecessor-version":[{"id":100003879,"href":"https:\/\/swissholdings.ch\/fr\/wp-json\/wp\/v2\/pages\/100000648\/revisions\/100003879"}],"wp:featuredmedia":[{"embeddable":true,"href":"https:\/\/swissholdings.ch\/fr\/wp-json\/wp\/v2\/media\/100000650"}],"wp:attachment":[{"href":"https:\/\/swissholdings.ch\/fr\/wp-json\/wp\/v2\/media?parent=100000648"}],"curies":[{"name":"wp","href":"https:\/\/api.w.org\/{rel}","templated":true}]}}